{"id":6,"date":"2021-03-05T14:26:27","date_gmt":"2021-03-05T14:26:27","guid":{"rendered":"https:\/\/iuvv-domaine-viticole.u-bourgogne.fr\/Domaine-Viticole\/?page_id=6"},"modified":"2025-12-17T13:46:03","modified_gmt":"2025-12-17T13:46:03","slug":"accueil-universite-de-bourgogne-iuvv","status":"publish","type":"page","link":"https:\/\/iuvv-domaine-viticole.u-bourgogne.fr\/Domaine-Viticole\/","title":{"rendered":"Accueil"},"content":{"rendered":"\n<div class=\"wp-block-buttons alignfull is-horizontal is-content-justification-right is-layout-flex wp-container-core-buttons-is-layout-ae2fe186 wp-block-buttons-is-layout-flex\">\n<div class=\"wp-block-button btneng\"><a class=\"wp-block-button__link has-background wp-element-button\" href=\"https:\/\/iuvv-domaine-viticole.u-bourgogne.fr\/Domaine-Viticole\/index.php\/home-en\/\" style=\"border-radius:50px;background-color:#b4a698\">English version<\/a><\/div>\n<\/div>\n\n\n\n<div class=\"wp-block-columns alignfull is-style-default has-background is-layout-flex wp-container-core-columns-is-layout-9d6595d7 wp-block-columns-is-layout-flex\" style=\"background-color:#f6e6d1\">\n<div class=\"wp-block-column is-vertically-aligned-top is-layout-flow wp-block-column-is-layout-flow\" style=\"flex-basis:50%\"><div class=\"wp-block-image\">\n<figure class=\"aligncenter size-large is-resized\"><img loading=\"lazy\" decoding=\"async\" width=\"1878\" height=\"1252\" src=\"https:\/\/iuvv-domaine-viticole.u-bourgogne.fr\/Domaine-Viticole\/wp-content\/uploads\/2025\/12\/DSC_0329-edited.jpg\" alt=\"\" class=\"wp-image-933\" style=\"aspect-ratio:1.5030674846625767;width:812px;height:auto\" srcset=\"https:\/\/iuvv-domaine-viticole.u-bourgogne.fr\/Domaine-Viticole\/wp-content\/uploads\/2025\/12\/DSC_0329-edited.jpg 1878w, https:\/\/iuvv-domaine-viticole.u-bourgogne.fr\/Domaine-Viticole\/wp-content\/uploads\/2025\/12\/DSC_0329-edited-300x200.jpg 300w, https:\/\/iuvv-domaine-viticole.u-bourgogne.fr\/Domaine-Viticole\/wp-content\/uploads\/2025\/12\/DSC_0329-edited-1024x683.jpg 1024w, https:\/\/iuvv-domaine-viticole.u-bourgogne.fr\/Domaine-Viticole\/wp-content\/uploads\/2025\/12\/DSC_0329-edited-768x512.jpg 768w, https:\/\/iuvv-domaine-viticole.u-bourgogne.fr\/Domaine-Viticole\/wp-content\/uploads\/2025\/12\/DSC_0329-edited-1536x1024.jpg 1536w, https:\/\/iuvv-domaine-viticole.u-bourgogne.fr\/Domaine-Viticole\/wp-content\/uploads\/2025\/12\/DSC_0329-edited-1568x1045.jpg 1568w\" sizes=\"auto, (max-width: 1878px) 100vw, 1878px\" \/><\/figure>\n<\/div>\n\n\n<p class=\"has-text-align-center has-large-font-size\"><strong>ACTUALITES<\/strong><\/p>\n\n\n<ul class=\"wp-block-latest-posts__list aligncenter wp-block-latest-posts\"><li><div class=\"wp-block-latest-posts__featured-image\"><img loading=\"lazy\" decoding=\"async\" width=\"206\" height=\"300\" src=\"https:\/\/iuvv-domaine-viticole.u-bourgogne.fr\/Domaine-Viticole\/wp-content\/uploads\/2025\/12\/Capture-decran-2025-12-15-a-16.35.14-206x300.png\" class=\"attachment-medium size-medium wp-post-image\" alt=\"\" style=\"width:100%;height:145.85%;max-width:410px;max-width:200px;max-height:300px;\" srcset=\"https:\/\/iuvv-domaine-viticole.u-bourgogne.fr\/Domaine-Viticole\/wp-content\/uploads\/2025\/12\/Capture-decran-2025-12-15-a-16.35.14-206x300.png 206w, https:\/\/iuvv-domaine-viticole.u-bourgogne.fr\/Domaine-Viticole\/wp-content\/uploads\/2025\/12\/Capture-decran-2025-12-15-a-16.35.14.png 410w\" sizes=\"auto, (max-width: 206px) 100vw, 206px\" \/><\/div><a class=\"wp-block-latest-posts__post-title\" href=\"https:\/\/iuvv-domaine-viticole.u-bourgogne.fr\/Domaine-Viticole\/index.php\/2025\/12\/15\/actualites\/\">Journ\u00e9e Portes Ouvertes au Domaine<\/a><\/li>\n<\/ul><\/div>\n\n\n\n<div class=\"wp-block-column is-layout-flow wp-block-column-is-layout-flow\" style=\"flex-basis:50%\">\n<h2 class=\"wp-block-heading has-text-color\" style=\"color:#b4a698;font-size:48px\">Bienvenue au domaine de l&rsquo;universit\u00e9 de Bourgogne<\/h2>\n\n\n\n<p>Le domaine de l\u2019universit\u00e9 de bourgogne est g\u00e9r\u00e9 par l\u2019\u00e9quipe de l\u2019IUVV : Institut Universitaire de la Vigne et du Vin de Jules Guyot (en hommage au c\u00e9l\u00e8bre m\u00e9decin et physicien fran\u00e7ais du XIXe si\u00e8cle, connu pour ses \u00e9tudes viticoles). Cet institut forme les \u00e9tudiants en formation initiale et continue dans les domaines scientifiques de la viticulture, de l&rsquo;\u0153nologie, de la commercialisation des produits vinicoles, et de l\u2019\u0153notourisme.<br><br>Le domaine est situ\u00e9 \u00e0 Marsannay-la-cote, un village en Bourgogne-Franche-Comt\u00e9.<\/p>\n\n\n\n<p class=\"disppara\">Le domaine de l\u2019universit\u00e9 de bourgogne est g\u00e9r\u00e9 par l\u2019\u00e9quipe de l\u2019IUVV : Institut Universitaire de la Vigne et du Vin de Jules Guyot (en hommage au c\u00e9l\u00e8bre m\u00e9decin et physicien fran\u00e7ais du XIXe si\u00e8cle, connu pour ses \u00e9tudes viticoles). Cet institut forme les \u00e9tudiants en formation initiale et continue dans les domaines scientifiques de la viticulture, de l&rsquo;\u0153nologie, de la commercialisation des produits vinicoles, et de l\u2019\u0153notourisme.<\/p>\n\n\n\n<p class=\"disppara\">Le domaine est situ\u00e9 \u00e0 Marsannay-la-cote, un village en Bourgogne-Franche-Comt\u00e9.<\/p>\n<\/div>\n<\/div>\n\n\n\n<div class=\"wp-block-columns alignfull is-layout-flex wp-container-core-columns-is-layout-9d6595d7 wp-block-columns-is-layout-flex\">\n<div class=\"wp-block-column is-layout-flow wp-block-column-is-layout-flow\" style=\"flex-basis:100%\">\n<div class=\"wp-block-columns is-layout-flex wp-container-core-columns-is-layout-9d6595d7 wp-block-columns-is-layout-flex\">\n<div class=\"wp-block-column is-vertically-aligned-top is-layout-flow wp-block-column-is-layout-flow\" style=\"flex-basis:100%\">\n<h2 class=\"wp-block-heading has-text-align-center has-text-color\" style=\"color:#890452;font-size:36px\">Nos produits<\/h2>\n\n\n\n<p class=\"has-text-align-center\">L\u2019appellation d\u2019origine contr\u00f4l\u00e9e Marsannay offre la particularit\u00e9 de produire des grands vins aux trois couleurs, rouge, blanc et ros\u00e9, ce qui est unique en Bourgogne. Le domaine de l\u2019universit\u00e9 de Bourgogne s\u2019\u00e9tend sur 3 hectares.<br><\/p>\n\n\n\n<div class=\"wp-block-columns alignfull is-layout-flex wp-container-core-columns-is-layout-9d6595d7 wp-block-columns-is-layout-flex\">\n<div class=\"wp-block-column is-vertically-aligned-top is-layout-flow wp-block-column-is-layout-flow\" style=\"flex-basis:25%\"><div class=\"wp-block-image\">\n<figure class=\"aligncenter size-large is-resized\"><a href=\"https:\/\/iuvv-domaine-viticole.u-bourgogne.fr\/Domaine-Viticole\/index.php\/vins-iuvv\/#Vinsrouges\"><img loading=\"lazy\" decoding=\"async\" width=\"232\" height=\"312\" src=\"https:\/\/iuvv-domaine-viticole.u-bourgogne.fr\/Domaine-Viticole\/wp-content\/uploads\/2021\/03\/AOC-Marsannay-ROuge.jpg\" alt=\"universit\u00e9 de Bourgogne IUVV produit ses propres vins rouges !\" class=\"wp-image-17\" style=\"width:235px;height:316px\" srcset=\"https:\/\/iuvv-domaine-viticole.u-bourgogne.fr\/Domaine-Viticole\/wp-content\/uploads\/2021\/03\/AOC-Marsannay-ROuge.jpg 232w, https:\/\/iuvv-domaine-viticole.u-bourgogne.fr\/Domaine-Viticole\/wp-content\/uploads\/2021\/03\/AOC-Marsannay-ROuge-223x300.jpg 223w\" sizes=\"auto, (max-width: 232px) 100vw, 232px\" \/><\/a><figcaption class=\"wp-element-caption\"><a href=\"https:\/\/iuvv-domaine-viticole.u-bourgogne.fr\/Domaine-Viticole\/index.php\/vins-iuvv\/#Vinsrouges\">Vin<br>rouges<\/a><\/figcaption><\/figure>\n<\/div><\/div>\n\n\n\n<div class=\"wp-block-column is-layout-flow wp-block-column-is-layout-flow\" style=\"flex-basis:25%\"><div class=\"wp-block-image\">\n<figure class=\"aligncenter size-large is-resized\"><a href=\"https:\/\/iuvv-domaine-viticole.u-bourgogne.fr\/Domaine-Viticole\/index.php\/vins-iuvv\/#Vinsblancs\"><img loading=\"lazy\" decoding=\"async\" width=\"236\" height=\"312\" src=\"https:\/\/iuvv-domaine-viticole.u-bourgogne.fr\/Domaine-Viticole\/wp-content\/uploads\/2021\/03\/AOC-Marsannay-Blanc.jpg\" alt=\"universit\u00e9 de Bourgogne IUVV produit ses propres vins blancs !\" class=\"wp-image-16\" style=\"width:235px;height:316px\" srcset=\"https:\/\/iuvv-domaine-viticole.u-bourgogne.fr\/Domaine-Viticole\/wp-content\/uploads\/2021\/03\/AOC-Marsannay-Blanc.jpg 236w, https:\/\/iuvv-domaine-viticole.u-bourgogne.fr\/Domaine-Viticole\/wp-content\/uploads\/2021\/03\/AOC-Marsannay-Blanc-227x300.jpg 227w\" sizes=\"auto, (max-width: 236px) 100vw, 236px\" \/><\/a><figcaption class=\"wp-element-caption\"><a href=\"https:\/\/iuvv-domaine-viticole.u-bourgogne.fr\/Domaine-Viticole\/index.php\/vins-iuvv\/#Vinsblancs\">Vins<br>blancs<\/a><\/figcaption><\/figure>\n<\/div><\/div>\n\n\n\n<div class=\"wp-block-column is-layout-flow wp-block-column-is-layout-flow\" style=\"flex-basis:24.99%\"><div class=\"wp-block-image\">\n<figure class=\"aligncenter size-large is-resized\"><a href=\"https:\/\/iuvv-domaine-viticole.u-bourgogne.fr\/Domaine-Viticole\/index.php\/vins-iuvv\/#Vinscr\u00e9mants\"><img loading=\"lazy\" decoding=\"async\" width=\"214\" height=\"306\" src=\"https:\/\/iuvv-domaine-viticole.u-bourgogne.fr\/Domaine-Viticole\/wp-content\/uploads\/2021\/03\/Bourgogne-Aligote.jpg\" alt=\"universit\u00e9 de Bourgogne UVV produit ses propres vins cr\u00e9mants!\" class=\"wp-image-18\" style=\"width:235px;height:316px\" srcset=\"https:\/\/iuvv-domaine-viticole.u-bourgogne.fr\/Domaine-Viticole\/wp-content\/uploads\/2021\/03\/Bourgogne-Aligote.jpg 214w, https:\/\/iuvv-domaine-viticole.u-bourgogne.fr\/Domaine-Viticole\/wp-content\/uploads\/2021\/03\/Bourgogne-Aligote-210x300.jpg 210w\" sizes=\"auto, (max-width: 214px) 100vw, 214px\" \/><\/a><figcaption class=\"wp-element-caption\"><a href=\"https:\/\/iuvv-domaine-viticole.u-bourgogne.fr\/Domaine-Viticole\/index.php\/vins-iuvv\/#Vinscr\u00e9mants\">Vins<br>cr\u00e9mants<\/a><\/figcaption><\/figure>\n<\/div><\/div>\n\n\n\n<div class=\"wp-block-column is-layout-flow wp-block-column-is-layout-flow\" style=\"flex-basis:25%\"><div class=\"wp-block-image\">\n<figure class=\"aligncenter size-large is-resized\"><a href=\"https:\/\/iuvv-domaine-viticole.u-bourgogne.fr\/Domaine-Viticole\/index.php\/vins-iuvv\/#Vinsros\u00e9\"><img loading=\"lazy\" decoding=\"async\" width=\"236\" height=\"312\" src=\"https:\/\/iuvv-domaine-viticole.u-bourgogne.fr\/Domaine-Viticole\/wp-content\/uploads\/2021\/03\/AOC-Marsannay-Rose-modifie-2.jpg\" alt=\"universit\u00e9 de Bourgogne IUVV produit ses propres vins ros\u00e9s!\" class=\"wp-image-478\" style=\"width:235px;height:316px\" srcset=\"https:\/\/iuvv-domaine-viticole.u-bourgogne.fr\/Domaine-Viticole\/wp-content\/uploads\/2021\/03\/AOC-Marsannay-Rose-modifie-2.jpg 236w, https:\/\/iuvv-domaine-viticole.u-bourgogne.fr\/Domaine-Viticole\/wp-content\/uploads\/2021\/03\/AOC-Marsannay-Rose-modifie-2-227x300.jpg 227w\" sizes=\"auto, (max-width: 236px) 100vw, 236px\" \/><\/a><figcaption class=\"wp-element-caption\"><a href=\"https:\/\/iuvv-domaine-viticole.u-bourgogne.fr\/Domaine-Viticole\/index.php\/vins-iuvv\/#Vinsros\u00e9\">Vins <br>Ros\u00e9s<\/a><\/figcaption><\/figure>\n<\/div>\n\n\n<p><\/p>\n<\/div>\n<\/div>\n<\/div>\n<\/div>\n<\/div>\n<\/div>\n\n\n\n<div class=\"wp-block-group alignwide txtpropos\"><div class=\"wp-block-group__inner-container is-layout-flow wp-block-group-is-layout-flow\">\n<h2 class=\"wp-block-heading has-text-align-center has-white-color has-text-color\" style=\"font-size:36px\">A propos du domaine<\/h2>\n\n\n\n<p class=\"has-text-align-center has-white-color has-text-color\">L\u2019Universit\u00e9 de Bourgogne poss\u00e8de un domaine de 3 ha \u00e0 Marsannay-La-C\u00f4te. Ce domaine est un legs de Jean-Baptiste Hyppolyte Lucotte.<\/p>\n\n\n\n<div class=\"wp-block-buttons alignwide is-horizontal is-content-justification-center is-layout-flex wp-container-core-buttons-is-layout-499968f5 wp-block-buttons-is-layout-flex\">\n<div class=\"wp-block-button is-style-outline is-style-outline--1\"><a class=\"wp-block-button__link has-white-color has-black-background-color has-text-color has-background wp-element-button\" href=\"https:\/\/iuvv-domaine-viticole.u-bourgogne.fr\/Domaine-Viticole\/index.php\/a-propos-du-domaine-viticole-de-iuvv\/\">Voir Plus<\/a><\/div>\n<\/div>\n<\/div><\/div>\n","protected":false},"excerpt":{"rendered":"<p>ACTUALITES Bienvenue au domaine de l&rsquo;universit\u00e9 de Bourgogne Le domaine de l\u2019universit\u00e9 de bourgogne est g\u00e9r\u00e9 par l\u2019\u00e9quipe de l\u2019IUVV : Institut Universitaire de la Vigne et du Vin de Jules Guyot (en hommage au c\u00e9l\u00e8bre m\u00e9decin et physicien fran\u00e7ais du XIXe si\u00e8cle, connu pour ses \u00e9tudes viticoles). Cet institut forme les \u00e9tudiants en formation&hellip; <a class=\"more-link\" href=\"https:\/\/iuvv-domaine-viticole.u-bourgogne.fr\/Domaine-Viticole\/\">Poursuivre la lecture <span class=\"screen-reader-text\">Accueil<\/span><\/a><\/p>\n","protected":false},"author":1,"featured_media":0,"parent":0,"menu_order":0,"comment_status":"closed","ping_status":"closed","template":"","meta":{"footnotes":""},"class_list":["post-6","page","type-page","status-publish","hentry","entry"],"yoast_head":"<!-- This site is optimized with the Yoast SEO plugin v21.6 - https:\/\/yoast.com\/wordpress\/plugins\/seo\/ -->\n<title>universit\u00e9 de Bourgogne IUVV - Accueil - Domaine viticole de l&#039;IUVV<\/title>\n<meta name=\"description\" content=\"L&#039;IUVV de l&#039;universit\u00e9 de Bourgogne \u00e0 son propre domaine viticole situ\u00e9 \u00e0 Marsannay-la-C\u00f4te produisant des vins rouges, blancs et cr\u00e9mants.\" \/>\n<meta name=\"robots\" content=\"index, follow, max-snippet:-1, max-image-preview:large, max-video-preview:-1\" \/>\n<link rel=\"canonical\" href=\"https:\/\/iuvv-domaine-viticole.u-bourgogne.fr\/Domaine-Viticole\/\" \/>\n<meta property=\"og:locale\" content=\"fr_FR\" \/>\n<meta property=\"og:type\" content=\"article\" \/>\n<meta property=\"og:title\" content=\"universit\u00e9 de Bourgogne IUVV - Accueil - Domaine viticole de l&#039;IUVV\" \/>\n<meta property=\"og:description\" content=\"L&#039;IUVV de l&#039;universit\u00e9 de Bourgogne \u00e0 son propre domaine viticole situ\u00e9 \u00e0 Marsannay-la-C\u00f4te produisant des vins rouges, blancs et cr\u00e9mants.\" \/>\n<meta property=\"og:url\" content=\"https:\/\/iuvv-domaine-viticole.u-bourgogne.fr\/Domaine-Viticole\/\" \/>\n<meta property=\"og:site_name\" content=\"Domaine viticole de l&#039;IUVV\" \/>\n<meta property=\"article:modified_time\" content=\"2025-12-17T13:46:03+00:00\" \/>\n<meta property=\"og:image\" content=\"https:\/\/iuvv-domaine-viticole.u-bourgogne.fr\/Domaine-Viticole\/wp-content\/uploads\/2025\/12\/DSC_0329-edited.jpg\" \/>\n<meta name=\"twitter:card\" content=\"summary_large_image\" \/>\n<meta name=\"twitter:label1\" content=\"Dur\u00e9e de lecture estim\u00e9e\" \/>\n\t<meta name=\"twitter:data1\" content=\"3 minutes\" \/>\n<script type=\"application\/ld+json\" class=\"yoast-schema-graph\">{\"@context\":\"https:\/\/schema.org\",\"@graph\":[{\"@type\":\"WebPage\",\"@id\":\"https:\/\/iuvv-domaine-viticole.u-bourgogne.fr\/Domaine-Viticole\/\",\"url\":\"https:\/\/iuvv-domaine-viticole.u-bourgogne.fr\/Domaine-Viticole\/\",\"name\":\"universit\u00e9 de Bourgogne IUVV - Accueil - Domaine viticole de l&#039;IUVV\",\"isPartOf\":{\"@id\":\"https:\/\/iuvv-domaine-viticole.u-bourgogne.fr\/Domaine-Viticole\/#website\"},\"datePublished\":\"2021-03-05T14:26:27+00:00\",\"dateModified\":\"2025-12-17T13:46:03+00:00\",\"description\":\"L'IUVV de l'universit\u00e9 de Bourgogne \u00e0 son propre domaine viticole situ\u00e9 \u00e0 Marsannay-la-C\u00f4te produisant des vins rouges, blancs et cr\u00e9mants.\",\"breadcrumb\":{\"@id\":\"https:\/\/iuvv-domaine-viticole.u-bourgogne.fr\/Domaine-Viticole\/#breadcrumb\"},\"inLanguage\":\"fr-FR\",\"potentialAction\":[{\"@type\":\"ReadAction\",\"target\":[\"https:\/\/iuvv-domaine-viticole.u-bourgogne.fr\/Domaine-Viticole\/\"]}]},{\"@type\":\"BreadcrumbList\",\"@id\":\"https:\/\/iuvv-domaine-viticole.u-bourgogne.fr\/Domaine-Viticole\/#breadcrumb\",\"itemListElement\":[{\"@type\":\"ListItem\",\"position\":1,\"name\":\"Accueil\",\"item\":\"https:\/\/iuvv-domaine-viticole.u-bourgogne.fr\/Domaine-Viticole\/\"},{\"@type\":\"ListItem\",\"position\":2,\"name\":\"Accueil\"}]},{\"@type\":\"WebSite\",\"@id\":\"https:\/\/iuvv-domaine-viticole.u-bourgogne.fr\/Domaine-Viticole\/#website\",\"url\":\"https:\/\/iuvv-domaine-viticole.u-bourgogne.fr\/Domaine-Viticole\/\",\"name\":\"Domaine viticole de l&#039;IUVV\",\"description\":\"Domaine viticole de l&#039;universit\u00e9 de Bourgogne\",\"publisher\":{\"@id\":\"https:\/\/iuvv-domaine-viticole.u-bourgogne.fr\/Domaine-Viticole\/#organization\"},\"potentialAction\":[{\"@type\":\"SearchAction\",\"target\":{\"@type\":\"EntryPoint\",\"urlTemplate\":\"https:\/\/iuvv-domaine-viticole.u-bourgogne.fr\/Domaine-Viticole\/?s={search_term_string}\"},\"query-input\":\"required name=search_term_string\"}],\"inLanguage\":\"fr-FR\"},{\"@type\":\"Organization\",\"@id\":\"https:\/\/iuvv-domaine-viticole.u-bourgogne.fr\/Domaine-Viticole\/#organization\",\"name\":\"Domaine viticole de l&#039;IUVV\",\"url\":\"https:\/\/iuvv-domaine-viticole.u-bourgogne.fr\/Domaine-Viticole\/\",\"logo\":{\"@type\":\"ImageObject\",\"inLanguage\":\"fr-FR\",\"@id\":\"https:\/\/iuvv-domaine-viticole.u-bourgogne.fr\/Domaine-Viticole\/#\/schema\/logo\/image\/\",\"url\":\"https:\/\/iuvv-domaine-viticole.u-bourgogne.fr\/Domaine-Viticole\/wp-content\/uploads\/2021\/03\/cropped-logos.png\",\"contentUrl\":\"https:\/\/iuvv-domaine-viticole.u-bourgogne.fr\/Domaine-Viticole\/wp-content\/uploads\/2021\/03\/cropped-logos.png\",\"width\":1919,\"height\":731,\"caption\":\"Domaine viticole de l&#039;IUVV\"},\"image\":{\"@id\":\"https:\/\/iuvv-domaine-viticole.u-bourgogne.fr\/Domaine-Viticole\/#\/schema\/logo\/image\/\"}}]}<\/script>\n<!-- \/ Yoast SEO plugin. -->","yoast_head_json":{"title":"universit\u00e9 de Bourgogne IUVV - Accueil - Domaine viticole de l&#039;IUVV","description":"L'IUVV de l'universit\u00e9 de Bourgogne \u00e0 son propre domaine viticole situ\u00e9 \u00e0 Marsannay-la-C\u00f4te produisant des vins rouges, blancs et cr\u00e9mants.","robots":{"index":"index","follow":"follow","max-snippet":"max-snippet:-1","max-image-preview":"max-image-preview:large","max-video-preview":"max-video-preview:-1"},"canonical":"https:\/\/iuvv-domaine-viticole.u-bourgogne.fr\/Domaine-Viticole\/","og_locale":"fr_FR","og_type":"article","og_title":"universit\u00e9 de Bourgogne IUVV - Accueil - Domaine viticole de l&#039;IUVV","og_description":"L'IUVV de l'universit\u00e9 de Bourgogne \u00e0 son propre domaine viticole situ\u00e9 \u00e0 Marsannay-la-C\u00f4te produisant des vins rouges, blancs et cr\u00e9mants.","og_url":"https:\/\/iuvv-domaine-viticole.u-bourgogne.fr\/Domaine-Viticole\/","og_site_name":"Domaine viticole de l&#039;IUVV","article_modified_time":"2025-12-17T13:46:03+00:00","og_image":[{"url":"https:\/\/iuvv-domaine-viticole.u-bourgogne.fr\/Domaine-Viticole\/wp-content\/uploads\/2025\/12\/DSC_0329-edited.jpg"}],"twitter_card":"summary_large_image","twitter_misc":{"Dur\u00e9e de lecture estim\u00e9e":"3 minutes"},"schema":{"@context":"https:\/\/schema.org","@graph":[{"@type":"WebPage","@id":"https:\/\/iuvv-domaine-viticole.u-bourgogne.fr\/Domaine-Viticole\/","url":"https:\/\/iuvv-domaine-viticole.u-bourgogne.fr\/Domaine-Viticole\/","name":"universit\u00e9 de Bourgogne IUVV - Accueil - Domaine viticole de l&#039;IUVV","isPartOf":{"@id":"https:\/\/iuvv-domaine-viticole.u-bourgogne.fr\/Domaine-Viticole\/#website"},"datePublished":"2021-03-05T14:26:27+00:00","dateModified":"2025-12-17T13:46:03+00:00","description":"L'IUVV de l'universit\u00e9 de Bourgogne \u00e0 son propre domaine viticole situ\u00e9 \u00e0 Marsannay-la-C\u00f4te produisant des vins rouges, blancs et cr\u00e9mants.","breadcrumb":{"@id":"https:\/\/iuvv-domaine-viticole.u-bourgogne.fr\/Domaine-Viticole\/#breadcrumb"},"inLanguage":"fr-FR","potentialAction":[{"@type":"ReadAction","target":["https:\/\/iuvv-domaine-viticole.u-bourgogne.fr\/Domaine-Viticole\/"]}]},{"@type":"BreadcrumbList","@id":"https:\/\/iuvv-domaine-viticole.u-bourgogne.fr\/Domaine-Viticole\/#breadcrumb","itemListElement":[{"@type":"ListItem","position":1,"name":"Accueil","item":"https:\/\/iuvv-domaine-viticole.u-bourgogne.fr\/Domaine-Viticole\/"},{"@type":"ListItem","position":2,"name":"Accueil"}]},{"@type":"WebSite","@id":"https:\/\/iuvv-domaine-viticole.u-bourgogne.fr\/Domaine-Viticole\/#website","url":"https:\/\/iuvv-domaine-viticole.u-bourgogne.fr\/Domaine-Viticole\/","name":"Domaine viticole de l&#039;IUVV","description":"Domaine viticole de l&#039;universit\u00e9 de Bourgogne","publisher":{"@id":"https:\/\/iuvv-domaine-viticole.u-bourgogne.fr\/Domaine-Viticole\/#organization"},"potentialAction":[{"@type":"SearchAction","target":{"@type":"EntryPoint","urlTemplate":"https:\/\/iuvv-domaine-viticole.u-bourgogne.fr\/Domaine-Viticole\/?s={search_term_string}"},"query-input":"required name=search_term_string"}],"inLanguage":"fr-FR"},{"@type":"Organization","@id":"https:\/\/iuvv-domaine-viticole.u-bourgogne.fr\/Domaine-Viticole\/#organization","name":"Domaine viticole de l&#039;IUVV","url":"https:\/\/iuvv-domaine-viticole.u-bourgogne.fr\/Domaine-Viticole\/","logo":{"@type":"ImageObject","inLanguage":"fr-FR","@id":"https:\/\/iuvv-domaine-viticole.u-bourgogne.fr\/Domaine-Viticole\/#\/schema\/logo\/image\/","url":"https:\/\/iuvv-domaine-viticole.u-bourgogne.fr\/Domaine-Viticole\/wp-content\/uploads\/2021\/03\/cropped-logos.png","contentUrl":"https:\/\/iuvv-domaine-viticole.u-bourgogne.fr\/Domaine-Viticole\/wp-content\/uploads\/2021\/03\/cropped-logos.png","width":1919,"height":731,"caption":"Domaine viticole de l&#039;IUVV"},"image":{"@id":"https:\/\/iuvv-domaine-viticole.u-bourgogne.fr\/Domaine-Viticole\/#\/schema\/logo\/image\/"}}]}},"_links":{"self":[{"href":"https:\/\/iuvv-domaine-viticole.u-bourgogne.fr\/Domaine-Viticole\/index.php\/wp-json\/wp\/v2\/pages\/6","targetHints":{"allow":["GET"]}}],"collection":[{"href":"https:\/\/iuvv-domaine-viticole.u-bourgogne.fr\/Domaine-Viticole\/index.php\/wp-json\/wp\/v2\/pages"}],"about":[{"href":"https:\/\/iuvv-domaine-viticole.u-bourgogne.fr\/Domaine-Viticole\/index.php\/wp-json\/wp\/v2\/types\/page"}],"author":[{"embeddable":true,"href":"https:\/\/iuvv-domaine-viticole.u-bourgogne.fr\/Domaine-Viticole\/index.php\/wp-json\/wp\/v2\/users\/1"}],"replies":[{"embeddable":true,"href":"https:\/\/iuvv-domaine-viticole.u-bourgogne.fr\/Domaine-Viticole\/index.php\/wp-json\/wp\/v2\/comments?post=6"}],"version-history":[{"count":88,"href":"https:\/\/iuvv-domaine-viticole.u-bourgogne.fr\/Domaine-Viticole\/index.php\/wp-json\/wp\/v2\/pages\/6\/revisions"}],"predecessor-version":[{"id":940,"href":"https:\/\/iuvv-domaine-viticole.u-bourgogne.fr\/Domaine-Viticole\/index.php\/wp-json\/wp\/v2\/pages\/6\/revisions\/940"}],"wp:attachment":[{"href":"https:\/\/iuvv-domaine-viticole.u-bourgogne.fr\/Domaine-Viticole\/index.php\/wp-json\/wp\/v2\/media?parent=6"}],"curies":[{"name":"wp","href":"https:\/\/api.w.org\/{rel}","templated":true}]}}