{"id":358,"date":"2021-03-14T16:46:08","date_gmt":"2021-03-14T16:46:08","guid":{"rendered":"https:\/\/iuvv-domaine-viticole.u-bourgogne.fr\/Domaine-Viticole\/?page_id=358"},"modified":"2021-03-25T17:40:19","modified_gmt":"2021-03-25T17:40:19","slug":"aligote-en","status":"publish","type":"page","link":"https:\/\/iuvv-domaine-viticole.u-bourgogne.fr\/Domaine-Viticole\/index.php\/aligote-en\/","title":{"rendered":"Aligot\u00e9 &#8211; EN"},"content":{"rendered":"\n<figure class=\"wp-block-image alignfull size-large\"><img loading=\"lazy\" decoding=\"async\" width=\"1024\" height=\"193\" src=\"https:\/\/iuvv-domaine-viticole.u-bourgogne.fr\/Domaine-Viticole\/wp-content\/uploads\/2021\/03\/DSC_reduit-1024x193.png\" alt=\"\" class=\"wp-image-218\" srcset=\"https:\/\/iuvv-domaine-viticole.u-bourgogne.fr\/Domaine-Viticole\/wp-content\/uploads\/2021\/03\/DSC_reduit-1024x193.png 1024w, https:\/\/iuvv-domaine-viticole.u-bourgogne.fr\/Domaine-Viticole\/wp-content\/uploads\/2021\/03\/DSC_reduit-300x57.png 300w, https:\/\/iuvv-domaine-viticole.u-bourgogne.fr\/Domaine-Viticole\/wp-content\/uploads\/2021\/03\/DSC_reduit-768x145.png 768w, https:\/\/iuvv-domaine-viticole.u-bourgogne.fr\/Domaine-Viticole\/wp-content\/uploads\/2021\/03\/DSC_reduit-1536x290.png 1536w, https:\/\/iuvv-domaine-viticole.u-bourgogne.fr\/Domaine-Viticole\/wp-content\/uploads\/2021\/03\/DSC_reduit-2048x386.png 2048w, https:\/\/iuvv-domaine-viticole.u-bourgogne.fr\/Domaine-Viticole\/wp-content\/uploads\/2021\/03\/DSC_reduit-1568x296.png 1568w\" sizes=\"auto, (max-width: 1024px) 100vw, 1024px\" \/><\/figure>\n\n\n\n<div class=\"wp-block-group alignfull\"><div class=\"wp-block-group__inner-container is-layout-flow wp-block-group-is-layout-flow\">\n<div class=\"wp-block-columns alignfull is-layout-flex wp-container-core-columns-is-layout-9d6595d7 wp-block-columns-is-layout-flex\">\n<div class=\"wp-block-column is-vertically-aligned-top is-layout-flow wp-block-column-is-layout-flow\" style=\"flex-basis:25%\">\n<figure class=\"wp-block-image size-large\"><img loading=\"lazy\" decoding=\"async\" width=\"639\" height=\"1024\" src=\"https:\/\/iuvv-domaine-viticole.u-bourgogne.fr\/Domaine-Viticole\/wp-content\/uploads\/2021\/03\/Marsannayblanc2018-6-edited-639x1024.jpeg\" alt=\"\" class=\"wp-image-350\" srcset=\"https:\/\/iuvv-domaine-viticole.u-bourgogne.fr\/Domaine-Viticole\/wp-content\/uploads\/2021\/03\/Marsannayblanc2018-6-edited-639x1024.jpeg 639w, https:\/\/iuvv-domaine-viticole.u-bourgogne.fr\/Domaine-Viticole\/wp-content\/uploads\/2021\/03\/Marsannayblanc2018-6-edited-187x300.jpeg 187w, https:\/\/iuvv-domaine-viticole.u-bourgogne.fr\/Domaine-Viticole\/wp-content\/uploads\/2021\/03\/Marsannayblanc2018-6-edited-768x1230.jpeg 768w, https:\/\/iuvv-domaine-viticole.u-bourgogne.fr\/Domaine-Viticole\/wp-content\/uploads\/2021\/03\/Marsannayblanc2018-6-edited-959x1536.jpeg 959w, https:\/\/iuvv-domaine-viticole.u-bourgogne.fr\/Domaine-Viticole\/wp-content\/uploads\/2021\/03\/Marsannayblanc2018-6-edited-1279x2048.jpeg 1279w, https:\/\/iuvv-domaine-viticole.u-bourgogne.fr\/Domaine-Viticole\/wp-content\/uploads\/2021\/03\/Marsannayblanc2018-6-edited-1568x2512.jpeg 1568w, https:\/\/iuvv-domaine-viticole.u-bourgogne.fr\/Domaine-Viticole\/wp-content\/uploads\/2021\/03\/Marsannayblanc2018-6-edited-scaled.jpeg 1598w\" sizes=\"auto, (max-width: 639px) 100vw, 639px\" \/><\/figure>\n<\/div>\n\n\n\n<div class=\"wp-block-column is-layout-flow wp-block-column-is-layout-flow\" style=\"flex-basis:66.66%\">\n<div class=\"wp-block-columns alignfull is-layout-flex wp-container-core-columns-is-layout-9d6595d7 wp-block-columns-is-layout-flex\">\n<div class=\"wp-block-column is-layout-flow wp-block-column-is-layout-flow\">\n<p style=\"font-size:21px\"><strong>Grape variety<\/strong><br>Aligot\u00e9<br><br><strong>Size<\/strong><br>Simple Guyot<br><br><strong>Vinification aging<\/strong><br>100% Aligot\u00e9 grape variety, pressing of machine-harvested grapes, settling at 12\u00b0 C, for 24 hours. Inoculation in yeast for FA. Native MLF, matured in vats until March and bottled.<br><\/p>\n<\/div>\n\n\n\n<div class=\"wp-block-column is-layout-flow wp-block-column-is-layout-flow\">\n<p style=\"font-size:21px\"><strong>Terroir<\/strong><br>Clay and limestone<br><br><strong>Yield<\/strong><br>30 hl \/ ha<br><br><strong>Food and wine pairing<\/strong><br>Aligot\u00e9 is a typical Burgundy grape variety characterized by its freshness and delicacy. If it is traditionally consumed with blackcurrant liqueur (Kir). Our Aligot\u00e9 is fresh and can be drunk as an aperitif or with seafood with which it goes very well because of its salty and iodized side.<\/p>\n<\/div>\n<\/div>\n<\/div>\n<\/div>\n<\/div><\/div>\n\n\n\n<div class=\"wp-block-group alignwide\"><div class=\"wp-block-group__inner-container is-layout-flow wp-block-group-is-layout-flow\">\n<div class=\"wp-block-buttons is-content-justification-center is-layout-flex wp-block-buttons-is-layout-flex\">\n<div class=\"wp-block-button\"><a class=\"wp-block-button__link has-background\" href=\"https:\/\/iuvv.u-bourgogne.fr\/le-domaine-viticole-de-luniversite-de-bourgogne\" style=\"border-radius:50px;background-color:#b4a698\">Link to purchase<\/a><\/div>\n<\/div>\n\n\n\n<p class=\"has-text-align-center\">( Temporarily here )<\/p>\n<\/div><\/div>\n","protected":false},"excerpt":{"rendered":"<p>Grape varietyAligot\u00e9 SizeSimple Guyot Vinification aging100% Aligot\u00e9 grape variety, pressing of machine-harvested grapes, settling at 12\u00b0 C, for 24 hours. Inoculation in yeast for FA. Native MLF, matured in vats until March and bottled. TerroirClay and limestone Yield30 hl \/ ha Food and wine pairingAligot\u00e9 is a typical Burgundy grape variety characterized by its freshness&hellip; <a class=\"more-link\" href=\"https:\/\/iuvv-domaine-viticole.u-bourgogne.fr\/Domaine-Viticole\/index.php\/aligote-en\/\">Poursuivre la lecture <span class=\"screen-reader-text\">Aligot\u00e9 &#8211; EN<\/span><\/a><\/p>\n","protected":false},"author":2,"featured_media":0,"parent":0,"menu_order":0,"comment_status":"closed","ping_status":"closed","template":"","meta":{"footnotes":""},"class_list":["post-358","page","type-page","status-publish","hentry","entry"],"yoast_head":"<!-- This site is optimized with the Yoast SEO plugin v21.6 - https:\/\/yoast.com\/wordpress\/plugins\/seo\/ -->\n<title>Aligot\u00e9 - EN - Domaine viticole de l&#039;IUVV<\/title>\n<meta name=\"robots\" content=\"index, follow, max-snippet:-1, max-image-preview:large, max-video-preview:-1\" \/>\n<link rel=\"canonical\" href=\"https:\/\/iuvv-domaine-viticole.u-bourgogne.fr\/Domaine-Viticole\/index.php\/aligote-en\/\" \/>\n<meta property=\"og:locale\" content=\"fr_FR\" \/>\n<meta property=\"og:type\" content=\"article\" \/>\n<meta property=\"og:title\" content=\"Aligot\u00e9 - EN - Domaine viticole de l&#039;IUVV\" \/>\n<meta property=\"og:description\" content=\"Grape varietyAligot\u00e9 SizeSimple Guyot Vinification aging100% Aligot\u00e9 grape variety, pressing of machine-harvested grapes, settling at 12\u00b0 C, for 24 hours. Inoculation in yeast for FA. Native MLF, matured in vats until March and bottled. TerroirClay and limestone Yield30 hl \/ ha Food and wine pairingAligot\u00e9 is a typical Burgundy grape variety characterized by its freshness&hellip; Poursuivre la lecture Aligot\u00e9 &#8211; EN\" \/>\n<meta property=\"og:url\" content=\"https:\/\/iuvv-domaine-viticole.u-bourgogne.fr\/Domaine-Viticole\/index.php\/aligote-en\/\" \/>\n<meta property=\"og:site_name\" content=\"Domaine viticole de l&#039;IUVV\" \/>\n<meta property=\"article:modified_time\" content=\"2021-03-25T17:40:19+00:00\" \/>\n<meta property=\"og:image\" content=\"https:\/\/iuvv-domaine-viticole.u-bourgogne.fr\/Domaine-Viticole\/wp-content\/uploads\/2021\/03\/DSC_reduit-1024x193.png\" \/>\n<meta name=\"twitter:card\" content=\"summary_large_image\" \/>\n<meta name=\"twitter:label1\" content=\"Dur\u00e9e de lecture estim\u00e9e\" \/>\n\t<meta name=\"twitter:data1\" content=\"1 minute\" \/>\n<script type=\"application\/ld+json\" class=\"yoast-schema-graph\">{\"@context\":\"https:\/\/schema.org\",\"@graph\":[{\"@type\":\"WebPage\",\"@id\":\"https:\/\/iuvv-domaine-viticole.u-bourgogne.fr\/Domaine-Viticole\/index.php\/aligote-en\/\",\"url\":\"https:\/\/iuvv-domaine-viticole.u-bourgogne.fr\/Domaine-Viticole\/index.php\/aligote-en\/\",\"name\":\"Aligot\u00e9 - EN - Domaine viticole de l&#039;IUVV\",\"isPartOf\":{\"@id\":\"https:\/\/iuvv-domaine-viticole.u-bourgogne.fr\/Domaine-Viticole\/#website\"},\"datePublished\":\"2021-03-14T16:46:08+00:00\",\"dateModified\":\"2021-03-25T17:40:19+00:00\",\"breadcrumb\":{\"@id\":\"https:\/\/iuvv-domaine-viticole.u-bourgogne.fr\/Domaine-Viticole\/index.php\/aligote-en\/#breadcrumb\"},\"inLanguage\":\"fr-FR\",\"potentialAction\":[{\"@type\":\"ReadAction\",\"target\":[\"https:\/\/iuvv-domaine-viticole.u-bourgogne.fr\/Domaine-Viticole\/index.php\/aligote-en\/\"]}]},{\"@type\":\"BreadcrumbList\",\"@id\":\"https:\/\/iuvv-domaine-viticole.u-bourgogne.fr\/Domaine-Viticole\/index.php\/aligote-en\/#breadcrumb\",\"itemListElement\":[{\"@type\":\"ListItem\",\"position\":1,\"name\":\"Accueil\",\"item\":\"https:\/\/iuvv-domaine-viticole.u-bourgogne.fr\/Domaine-Viticole\/\"},{\"@type\":\"ListItem\",\"position\":2,\"name\":\"Aligot\u00e9 &#8211; EN\"}]},{\"@type\":\"WebSite\",\"@id\":\"https:\/\/iuvv-domaine-viticole.u-bourgogne.fr\/Domaine-Viticole\/#website\",\"url\":\"https:\/\/iuvv-domaine-viticole.u-bourgogne.fr\/Domaine-Viticole\/\",\"name\":\"Domaine viticole de l&#039;IUVV\",\"description\":\"Domaine viticole de l&#039;universit\u00e9 de Bourgogne\",\"publisher\":{\"@id\":\"https:\/\/iuvv-domaine-viticole.u-bourgogne.fr\/Domaine-Viticole\/#organization\"},\"potentialAction\":[{\"@type\":\"SearchAction\",\"target\":{\"@type\":\"EntryPoint\",\"urlTemplate\":\"https:\/\/iuvv-domaine-viticole.u-bourgogne.fr\/Domaine-Viticole\/?s={search_term_string}\"},\"query-input\":\"required name=search_term_string\"}],\"inLanguage\":\"fr-FR\"},{\"@type\":\"Organization\",\"@id\":\"https:\/\/iuvv-domaine-viticole.u-bourgogne.fr\/Domaine-Viticole\/#organization\",\"name\":\"Domaine viticole de l&#039;IUVV\",\"url\":\"https:\/\/iuvv-domaine-viticole.u-bourgogne.fr\/Domaine-Viticole\/\",\"logo\":{\"@type\":\"ImageObject\",\"inLanguage\":\"fr-FR\",\"@id\":\"https:\/\/iuvv-domaine-viticole.u-bourgogne.fr\/Domaine-Viticole\/#\/schema\/logo\/image\/\",\"url\":\"https:\/\/iuvv-domaine-viticole.u-bourgogne.fr\/Domaine-Viticole\/wp-content\/uploads\/2021\/03\/cropped-logos.png\",\"contentUrl\":\"https:\/\/iuvv-domaine-viticole.u-bourgogne.fr\/Domaine-Viticole\/wp-content\/uploads\/2021\/03\/cropped-logos.png\",\"width\":1919,\"height\":731,\"caption\":\"Domaine viticole de l&#039;IUVV\"},\"image\":{\"@id\":\"https:\/\/iuvv-domaine-viticole.u-bourgogne.fr\/Domaine-Viticole\/#\/schema\/logo\/image\/\"}}]}<\/script>\n<!-- \/ Yoast SEO plugin. -->","yoast_head_json":{"title":"Aligot\u00e9 - EN - Domaine viticole de l&#039;IUVV","robots":{"index":"index","follow":"follow","max-snippet":"max-snippet:-1","max-image-preview":"max-image-preview:large","max-video-preview":"max-video-preview:-1"},"canonical":"https:\/\/iuvv-domaine-viticole.u-bourgogne.fr\/Domaine-Viticole\/index.php\/aligote-en\/","og_locale":"fr_FR","og_type":"article","og_title":"Aligot\u00e9 - EN - Domaine viticole de l&#039;IUVV","og_description":"Grape varietyAligot\u00e9 SizeSimple Guyot Vinification aging100% Aligot\u00e9 grape variety, pressing of machine-harvested grapes, settling at 12\u00b0 C, for 24 hours. Inoculation in yeast for FA. Native MLF, matured in vats until March and bottled. TerroirClay and limestone Yield30 hl \/ ha Food and wine pairingAligot\u00e9 is a typical Burgundy grape variety characterized by its freshness&hellip; Poursuivre la lecture Aligot\u00e9 &#8211; EN","og_url":"https:\/\/iuvv-domaine-viticole.u-bourgogne.fr\/Domaine-Viticole\/index.php\/aligote-en\/","og_site_name":"Domaine viticole de l&#039;IUVV","article_modified_time":"2021-03-25T17:40:19+00:00","og_image":[{"url":"https:\/\/iuvv-domaine-viticole.u-bourgogne.fr\/Domaine-Viticole\/wp-content\/uploads\/2021\/03\/DSC_reduit-1024x193.png"}],"twitter_card":"summary_large_image","twitter_misc":{"Dur\u00e9e de lecture estim\u00e9e":"1 minute"},"schema":{"@context":"https:\/\/schema.org","@graph":[{"@type":"WebPage","@id":"https:\/\/iuvv-domaine-viticole.u-bourgogne.fr\/Domaine-Viticole\/index.php\/aligote-en\/","url":"https:\/\/iuvv-domaine-viticole.u-bourgogne.fr\/Domaine-Viticole\/index.php\/aligote-en\/","name":"Aligot\u00e9 - EN - Domaine viticole de l&#039;IUVV","isPartOf":{"@id":"https:\/\/iuvv-domaine-viticole.u-bourgogne.fr\/Domaine-Viticole\/#website"},"datePublished":"2021-03-14T16:46:08+00:00","dateModified":"2021-03-25T17:40:19+00:00","breadcrumb":{"@id":"https:\/\/iuvv-domaine-viticole.u-bourgogne.fr\/Domaine-Viticole\/index.php\/aligote-en\/#breadcrumb"},"inLanguage":"fr-FR","potentialAction":[{"@type":"ReadAction","target":["https:\/\/iuvv-domaine-viticole.u-bourgogne.fr\/Domaine-Viticole\/index.php\/aligote-en\/"]}]},{"@type":"BreadcrumbList","@id":"https:\/\/iuvv-domaine-viticole.u-bourgogne.fr\/Domaine-Viticole\/index.php\/aligote-en\/#breadcrumb","itemListElement":[{"@type":"ListItem","position":1,"name":"Accueil","item":"https:\/\/iuvv-domaine-viticole.u-bourgogne.fr\/Domaine-Viticole\/"},{"@type":"ListItem","position":2,"name":"Aligot\u00e9 &#8211; EN"}]},{"@type":"WebSite","@id":"https:\/\/iuvv-domaine-viticole.u-bourgogne.fr\/Domaine-Viticole\/#website","url":"https:\/\/iuvv-domaine-viticole.u-bourgogne.fr\/Domaine-Viticole\/","name":"Domaine viticole de l&#039;IUVV","description":"Domaine viticole de l&#039;universit\u00e9 de Bourgogne","publisher":{"@id":"https:\/\/iuvv-domaine-viticole.u-bourgogne.fr\/Domaine-Viticole\/#organization"},"potentialAction":[{"@type":"SearchAction","target":{"@type":"EntryPoint","urlTemplate":"https:\/\/iuvv-domaine-viticole.u-bourgogne.fr\/Domaine-Viticole\/?s={search_term_string}"},"query-input":"required name=search_term_string"}],"inLanguage":"fr-FR"},{"@type":"Organization","@id":"https:\/\/iuvv-domaine-viticole.u-bourgogne.fr\/Domaine-Viticole\/#organization","name":"Domaine viticole de l&#039;IUVV","url":"https:\/\/iuvv-domaine-viticole.u-bourgogne.fr\/Domaine-Viticole\/","logo":{"@type":"ImageObject","inLanguage":"fr-FR","@id":"https:\/\/iuvv-domaine-viticole.u-bourgogne.fr\/Domaine-Viticole\/#\/schema\/logo\/image\/","url":"https:\/\/iuvv-domaine-viticole.u-bourgogne.fr\/Domaine-Viticole\/wp-content\/uploads\/2021\/03\/cropped-logos.png","contentUrl":"https:\/\/iuvv-domaine-viticole.u-bourgogne.fr\/Domaine-Viticole\/wp-content\/uploads\/2021\/03\/cropped-logos.png","width":1919,"height":731,"caption":"Domaine viticole de l&#039;IUVV"},"image":{"@id":"https:\/\/iuvv-domaine-viticole.u-bourgogne.fr\/Domaine-Viticole\/#\/schema\/logo\/image\/"}}]}},"_links":{"self":[{"href":"https:\/\/iuvv-domaine-viticole.u-bourgogne.fr\/Domaine-Viticole\/index.php\/wp-json\/wp\/v2\/pages\/358","targetHints":{"allow":["GET"]}}],"collection":[{"href":"https:\/\/iuvv-domaine-viticole.u-bourgogne.fr\/Domaine-Viticole\/index.php\/wp-json\/wp\/v2\/pages"}],"about":[{"href":"https:\/\/iuvv-domaine-viticole.u-bourgogne.fr\/Domaine-Viticole\/index.php\/wp-json\/wp\/v2\/types\/page"}],"author":[{"embeddable":true,"href":"https:\/\/iuvv-domaine-viticole.u-bourgogne.fr\/Domaine-Viticole\/index.php\/wp-json\/wp\/v2\/users\/2"}],"replies":[{"embeddable":true,"href":"https:\/\/iuvv-domaine-viticole.u-bourgogne.fr\/Domaine-Viticole\/index.php\/wp-json\/wp\/v2\/comments?post=358"}],"version-history":[{"count":4,"href":"https:\/\/iuvv-domaine-viticole.u-bourgogne.fr\/Domaine-Viticole\/index.php\/wp-json\/wp\/v2\/pages\/358\/revisions"}],"predecessor-version":[{"id":825,"href":"https:\/\/iuvv-domaine-viticole.u-bourgogne.fr\/Domaine-Viticole\/index.php\/wp-json\/wp\/v2\/pages\/358\/revisions\/825"}],"wp:attachment":[{"href":"https:\/\/iuvv-domaine-viticole.u-bourgogne.fr\/Domaine-Viticole\/index.php\/wp-json\/wp\/v2\/media?parent=358"}],"curies":[{"name":"wp","href":"https:\/\/api.w.org\/{rel}","templated":true}]}}