{"id":202,"date":"2021-03-12T16:14:55","date_gmt":"2021-03-12T16:14:55","guid":{"rendered":"https:\/\/iuvv-domaine-viticole.u-bourgogne.fr\/Domaine-Viticole\/?page_id=202"},"modified":"2021-03-25T17:51:51","modified_gmt":"2021-03-25T17:51:51","slug":"marsannay-blanc-2","status":"publish","type":"page","link":"https:\/\/iuvv-domaine-viticole.u-bourgogne.fr\/Domaine-Viticole\/index.php\/marsannay-blanc-2\/","title":{"rendered":"Marsannay Blanc"},"content":{"rendered":"\n<p class=\"has-text-align-center has-dark-gray-color has-text-color\">D\u00e9couvrez notre vin Marsannay Blanc, un Chardonnay id\u00e9al accompagn\u00e9 de volailles, viandes blanches ou encore poissons.<\/p>\n\n\n\n<figure class=\"wp-block-image alignfull size-large\"><img loading=\"lazy\" decoding=\"async\" width=\"1024\" height=\"193\" src=\"https:\/\/iuvv-domaine-viticole.u-bourgogne.fr\/Domaine-Viticole\/wp-content\/uploads\/2021\/03\/DSC_reduit-1024x193.png\" alt=\"\" class=\"wp-image-218\" srcset=\"https:\/\/iuvv-domaine-viticole.u-bourgogne.fr\/Domaine-Viticole\/wp-content\/uploads\/2021\/03\/DSC_reduit-1024x193.png 1024w, https:\/\/iuvv-domaine-viticole.u-bourgogne.fr\/Domaine-Viticole\/wp-content\/uploads\/2021\/03\/DSC_reduit-300x57.png 300w, https:\/\/iuvv-domaine-viticole.u-bourgogne.fr\/Domaine-Viticole\/wp-content\/uploads\/2021\/03\/DSC_reduit-768x145.png 768w, https:\/\/iuvv-domaine-viticole.u-bourgogne.fr\/Domaine-Viticole\/wp-content\/uploads\/2021\/03\/DSC_reduit-1536x290.png 1536w, https:\/\/iuvv-domaine-viticole.u-bourgogne.fr\/Domaine-Viticole\/wp-content\/uploads\/2021\/03\/DSC_reduit-2048x386.png 2048w, https:\/\/iuvv-domaine-viticole.u-bourgogne.fr\/Domaine-Viticole\/wp-content\/uploads\/2021\/03\/DSC_reduit-1568x296.png 1568w\" sizes=\"auto, (max-width: 1024px) 100vw, 1024px\" \/><\/figure>\n\n\n\n<div class=\"wp-block-group alignfull\"><div class=\"wp-block-group__inner-container is-layout-flow wp-block-group-is-layout-flow\">\n<div class=\"wp-block-columns alignfull are-vertically-aligned-center is-layout-flex wp-container-core-columns-is-layout-9d6595d7 wp-block-columns-is-layout-flex\">\n<div class=\"wp-block-column is-vertically-aligned-center is-layout-flow wp-block-column-is-layout-flow\">\n<div class=\"wp-block-image\"><figure class=\"alignleft size-large\"><img loading=\"lazy\" decoding=\"async\" width=\"639\" height=\"1024\" src=\"https:\/\/iuvv-domaine-viticole.u-bourgogne.fr\/Domaine-Viticole\/wp-content\/uploads\/2021\/03\/Marsannayblanc2018-6-edited-639x1024.jpeg\" alt=\"Marsannay Blanc vin de l'IUVV\" class=\"wp-image-350\" srcset=\"https:\/\/iuvv-domaine-viticole.u-bourgogne.fr\/Domaine-Viticole\/wp-content\/uploads\/2021\/03\/Marsannayblanc2018-6-edited-639x1024.jpeg 639w, https:\/\/iuvv-domaine-viticole.u-bourgogne.fr\/Domaine-Viticole\/wp-content\/uploads\/2021\/03\/Marsannayblanc2018-6-edited-187x300.jpeg 187w, https:\/\/iuvv-domaine-viticole.u-bourgogne.fr\/Domaine-Viticole\/wp-content\/uploads\/2021\/03\/Marsannayblanc2018-6-edited-768x1230.jpeg 768w, https:\/\/iuvv-domaine-viticole.u-bourgogne.fr\/Domaine-Viticole\/wp-content\/uploads\/2021\/03\/Marsannayblanc2018-6-edited-959x1536.jpeg 959w, https:\/\/iuvv-domaine-viticole.u-bourgogne.fr\/Domaine-Viticole\/wp-content\/uploads\/2021\/03\/Marsannayblanc2018-6-edited-1279x2048.jpeg 1279w, https:\/\/iuvv-domaine-viticole.u-bourgogne.fr\/Domaine-Viticole\/wp-content\/uploads\/2021\/03\/Marsannayblanc2018-6-edited-1568x2512.jpeg 1568w, https:\/\/iuvv-domaine-viticole.u-bourgogne.fr\/Domaine-Viticole\/wp-content\/uploads\/2021\/03\/Marsannayblanc2018-6-edited-scaled.jpeg 1598w\" sizes=\"auto, (max-width: 639px) 100vw, 639px\" \/><\/figure><\/div>\n<\/div>\n\n\n\n<div class=\"wp-block-column is-vertically-aligned-center is-layout-flow wp-block-column-is-layout-flow\">\n<p><strong>Enc\u00e9pagement<\/strong><br>Chardonnay<br><br><strong>Taille<\/strong><br>Guyot simple<br><br><strong>Vinification \u00e9levage<\/strong><br>vendange m\u00e9canique, fermentation alcoolique. En cuve et fermentation malolactique une partie en cuve et une partie&nbsp;en f\u00fbts.<\/p>\n\n\n\n<p><br><strong>Garde<\/strong><br>jusqu\u2019\u00e0 8 ans, apog\u00e9e 5 ans<br><br><\/p>\n<\/div>\n\n\n\n<div class=\"wp-block-column is-vertically-aligned-center is-layout-flow wp-block-column-is-layout-flow\">\n<p><br><strong>Rendement<\/strong><br>30 hl\/ha<br><br><strong>Accords mets et vins<\/strong><br>Le Marsannay blanc s\u2019accorde bien avec les volailles ou les viandes&nbsp;blanches comme le filet Mignon mais \u00e9galement avec les poissons. Pour les v\u00e9g\u00e9tariens, il accompagnera \u00e0 merveille les nems v\u00e9g\u00e9taux,&nbsp;les potages, les tians aux l\u00e9gumes\u2026<\/p>\n\n\n\n<p><br><br><\/p>\n<\/div>\n<\/div>\n<\/div><\/div>\n\n\n\n<div class=\"wp-block-group alignwide\"><div class=\"wp-block-group__inner-container is-layout-flow wp-block-group-is-layout-flow\">\n<div class=\"wp-block-buttons is-content-justification-center is-layout-flex wp-block-buttons-is-layout-flex\">\n<div class=\"wp-block-button\"><a class=\"wp-block-button__link has-background\" href=\"https:\/\/iuvv.u-bourgogne.fr\/le-domaine-viticole-de-luniversite-de-bourgogne\" style=\"border-radius:50px;background-color:#b4a698\">Vous pouvez commander ici<\/a><\/div>\n<\/div>\n\n\n\n<p class=\"has-text-align-center\">( Provisoirement en bas de page )<\/p>\n<\/div><\/div>\n\n\n\n<p class=\"disppara\">D\u00e9couvrez notre vin un Chardonnay id\u00e9al accompagn\u00e9 de volailles, viandes blanches ou encore poissons. D\u00e9guster notre vin , un Chardonnay id\u00e9al accompagn\u00e9 de volailles, viandes blanches ou encore poissons. Appr\u00e9ciez notre vin Marsannay Blanc, un Chardonnay id\u00e9al accompagn\u00e9 de volailles, viandes blanches ou encore poissons.<\/p>\n\n\n\n<p class=\"disppara\">D\u00e9couvrez notre vin, un Chardonnay id\u00e9al accompagn\u00e9 de volailles, viandes blanches ou encore poissons. D\u00e9couvrez notre vin, un Chardonnay id\u00e9al accompagn\u00e9 de volailles, viandes blanches ou encore poissons. Buvez notre vin un Chardonnay id\u00e9al accompagn\u00e9 de volailles, viandes blanches ou encore poissons.<\/p>\n\n\n\n<p class=\"disppara\">D\u00e9couvrez notre vin, un Chardonnay id\u00e9al accompagn\u00e9 de volailles, viandes blanches ou encore poissons. D\u00e9couvrez notre vin, un Chardonnay id\u00e9al accompagn\u00e9 de volailles, viandes blanches ou encore poissons. Buvez notre vin un Chardonnay id\u00e9al accompagn\u00e9 de volailles, viandes blanches ou encore poissons.<\/p>\n","protected":false},"excerpt":{"rendered":"<p>D\u00e9couvrez notre vin Marsannay Blanc, un Chardonnay id\u00e9al accompagn\u00e9 de volailles, viandes blanches ou encore poissons. Enc\u00e9pagementChardonnay TailleGuyot simple Vinification \u00e9levagevendange m\u00e9canique, fermentation alcoolique. En cuve et fermentation malolactique une partie en cuve et une partie&nbsp;en f\u00fbts. Gardejusqu\u2019\u00e0 8 ans, apog\u00e9e 5 ans Rendement30 hl\/ha Accords mets et vinsLe Marsannay blanc s\u2019accorde bien avec les&hellip; <a class=\"more-link\" href=\"https:\/\/iuvv-domaine-viticole.u-bourgogne.fr\/Domaine-Viticole\/index.php\/marsannay-blanc-2\/\">Poursuivre la lecture <span class=\"screen-reader-text\">Marsannay Blanc<\/span><\/a><\/p>\n","protected":false},"author":1,"featured_media":0,"parent":0,"menu_order":0,"comment_status":"closed","ping_status":"closed","template":"","meta":{"footnotes":""},"class_list":["post-202","page","type-page","status-publish","hentry","entry"],"yoast_head":"<!-- This site is optimized with the Yoast SEO plugin v21.6 - https:\/\/yoast.com\/wordpress\/plugins\/seo\/ -->\n<title>Marsannay Blanc - Marsannay Blanc - Domaine viticole de l&#039;IUVV<\/title>\n<meta name=\"description\" content=\"Marsannay Blanc. D\u00e9couvrez notre vin, un Chardonnay id\u00e9al accompagn\u00e9 de volailles, viandes blanches ou encore poissons. En cuve.\" \/>\n<meta name=\"robots\" content=\"index, follow, max-snippet:-1, max-image-preview:large, max-video-preview:-1\" \/>\n<link rel=\"canonical\" href=\"https:\/\/iuvv-domaine-viticole.u-bourgogne.fr\/Domaine-Viticole\/index.php\/marsannay-blanc-2\/\" \/>\n<meta property=\"og:locale\" content=\"fr_FR\" \/>\n<meta property=\"og:type\" content=\"article\" \/>\n<meta property=\"og:title\" content=\"Marsannay Blanc - Marsannay Blanc - Domaine viticole de l&#039;IUVV\" \/>\n<meta property=\"og:description\" content=\"Marsannay Blanc. D\u00e9couvrez notre vin, un Chardonnay id\u00e9al accompagn\u00e9 de volailles, viandes blanches ou encore poissons. En cuve.\" \/>\n<meta property=\"og:url\" content=\"https:\/\/iuvv-domaine-viticole.u-bourgogne.fr\/Domaine-Viticole\/index.php\/marsannay-blanc-2\/\" \/>\n<meta property=\"og:site_name\" content=\"Domaine viticole de l&#039;IUVV\" \/>\n<meta property=\"article:modified_time\" content=\"2021-03-25T17:51:51+00:00\" \/>\n<meta property=\"og:image\" content=\"https:\/\/iuvv-domaine-viticole.u-bourgogne.fr\/Domaine-Viticole\/wp-content\/uploads\/2021\/03\/DSC_reduit-1024x193.png\" \/>\n<meta name=\"twitter:card\" content=\"summary_large_image\" \/>\n<meta name=\"twitter:label1\" content=\"Dur\u00e9e de lecture estim\u00e9e\" \/>\n\t<meta name=\"twitter:data1\" content=\"2 minutes\" \/>\n<script type=\"application\/ld+json\" class=\"yoast-schema-graph\">{\"@context\":\"https:\/\/schema.org\",\"@graph\":[{\"@type\":\"WebPage\",\"@id\":\"https:\/\/iuvv-domaine-viticole.u-bourgogne.fr\/Domaine-Viticole\/index.php\/marsannay-blanc-2\/\",\"url\":\"https:\/\/iuvv-domaine-viticole.u-bourgogne.fr\/Domaine-Viticole\/index.php\/marsannay-blanc-2\/\",\"name\":\"Marsannay Blanc - Marsannay Blanc - Domaine viticole de l&#039;IUVV\",\"isPartOf\":{\"@id\":\"https:\/\/iuvv-domaine-viticole.u-bourgogne.fr\/Domaine-Viticole\/#website\"},\"datePublished\":\"2021-03-12T16:14:55+00:00\",\"dateModified\":\"2021-03-25T17:51:51+00:00\",\"description\":\"Marsannay Blanc. D\u00e9couvrez notre vin, un Chardonnay id\u00e9al accompagn\u00e9 de volailles, viandes blanches ou encore poissons. En cuve.\",\"breadcrumb\":{\"@id\":\"https:\/\/iuvv-domaine-viticole.u-bourgogne.fr\/Domaine-Viticole\/index.php\/marsannay-blanc-2\/#breadcrumb\"},\"inLanguage\":\"fr-FR\",\"potentialAction\":[{\"@type\":\"ReadAction\",\"target\":[\"https:\/\/iuvv-domaine-viticole.u-bourgogne.fr\/Domaine-Viticole\/index.php\/marsannay-blanc-2\/\"]}]},{\"@type\":\"BreadcrumbList\",\"@id\":\"https:\/\/iuvv-domaine-viticole.u-bourgogne.fr\/Domaine-Viticole\/index.php\/marsannay-blanc-2\/#breadcrumb\",\"itemListElement\":[{\"@type\":\"ListItem\",\"position\":1,\"name\":\"Accueil\",\"item\":\"https:\/\/iuvv-domaine-viticole.u-bourgogne.fr\/Domaine-Viticole\/\"},{\"@type\":\"ListItem\",\"position\":2,\"name\":\"Marsannay Blanc\"}]},{\"@type\":\"WebSite\",\"@id\":\"https:\/\/iuvv-domaine-viticole.u-bourgogne.fr\/Domaine-Viticole\/#website\",\"url\":\"https:\/\/iuvv-domaine-viticole.u-bourgogne.fr\/Domaine-Viticole\/\",\"name\":\"Domaine viticole de l&#039;IUVV\",\"description\":\"Domaine viticole de l&#039;universit\u00e9 de Bourgogne\",\"publisher\":{\"@id\":\"https:\/\/iuvv-domaine-viticole.u-bourgogne.fr\/Domaine-Viticole\/#organization\"},\"potentialAction\":[{\"@type\":\"SearchAction\",\"target\":{\"@type\":\"EntryPoint\",\"urlTemplate\":\"https:\/\/iuvv-domaine-viticole.u-bourgogne.fr\/Domaine-Viticole\/?s={search_term_string}\"},\"query-input\":\"required name=search_term_string\"}],\"inLanguage\":\"fr-FR\"},{\"@type\":\"Organization\",\"@id\":\"https:\/\/iuvv-domaine-viticole.u-bourgogne.fr\/Domaine-Viticole\/#organization\",\"name\":\"Domaine viticole de l&#039;IUVV\",\"url\":\"https:\/\/iuvv-domaine-viticole.u-bourgogne.fr\/Domaine-Viticole\/\",\"logo\":{\"@type\":\"ImageObject\",\"inLanguage\":\"fr-FR\",\"@id\":\"https:\/\/iuvv-domaine-viticole.u-bourgogne.fr\/Domaine-Viticole\/#\/schema\/logo\/image\/\",\"url\":\"https:\/\/iuvv-domaine-viticole.u-bourgogne.fr\/Domaine-Viticole\/wp-content\/uploads\/2021\/03\/cropped-logos.png\",\"contentUrl\":\"https:\/\/iuvv-domaine-viticole.u-bourgogne.fr\/Domaine-Viticole\/wp-content\/uploads\/2021\/03\/cropped-logos.png\",\"width\":1919,\"height\":731,\"caption\":\"Domaine viticole de l&#039;IUVV\"},\"image\":{\"@id\":\"https:\/\/iuvv-domaine-viticole.u-bourgogne.fr\/Domaine-Viticole\/#\/schema\/logo\/image\/\"}}]}<\/script>\n<!-- \/ Yoast SEO plugin. -->","yoast_head_json":{"title":"Marsannay Blanc - Marsannay Blanc - Domaine viticole de l&#039;IUVV","description":"Marsannay Blanc. D\u00e9couvrez notre vin, un Chardonnay id\u00e9al accompagn\u00e9 de volailles, viandes blanches ou encore poissons. En cuve.","robots":{"index":"index","follow":"follow","max-snippet":"max-snippet:-1","max-image-preview":"max-image-preview:large","max-video-preview":"max-video-preview:-1"},"canonical":"https:\/\/iuvv-domaine-viticole.u-bourgogne.fr\/Domaine-Viticole\/index.php\/marsannay-blanc-2\/","og_locale":"fr_FR","og_type":"article","og_title":"Marsannay Blanc - Marsannay Blanc - Domaine viticole de l&#039;IUVV","og_description":"Marsannay Blanc. D\u00e9couvrez notre vin, un Chardonnay id\u00e9al accompagn\u00e9 de volailles, viandes blanches ou encore poissons. En cuve.","og_url":"https:\/\/iuvv-domaine-viticole.u-bourgogne.fr\/Domaine-Viticole\/index.php\/marsannay-blanc-2\/","og_site_name":"Domaine viticole de l&#039;IUVV","article_modified_time":"2021-03-25T17:51:51+00:00","og_image":[{"url":"https:\/\/iuvv-domaine-viticole.u-bourgogne.fr\/Domaine-Viticole\/wp-content\/uploads\/2021\/03\/DSC_reduit-1024x193.png"}],"twitter_card":"summary_large_image","twitter_misc":{"Dur\u00e9e de lecture estim\u00e9e":"2 minutes"},"schema":{"@context":"https:\/\/schema.org","@graph":[{"@type":"WebPage","@id":"https:\/\/iuvv-domaine-viticole.u-bourgogne.fr\/Domaine-Viticole\/index.php\/marsannay-blanc-2\/","url":"https:\/\/iuvv-domaine-viticole.u-bourgogne.fr\/Domaine-Viticole\/index.php\/marsannay-blanc-2\/","name":"Marsannay Blanc - Marsannay Blanc - Domaine viticole de l&#039;IUVV","isPartOf":{"@id":"https:\/\/iuvv-domaine-viticole.u-bourgogne.fr\/Domaine-Viticole\/#website"},"datePublished":"2021-03-12T16:14:55+00:00","dateModified":"2021-03-25T17:51:51+00:00","description":"Marsannay Blanc. D\u00e9couvrez notre vin, un Chardonnay id\u00e9al accompagn\u00e9 de volailles, viandes blanches ou encore poissons. En cuve.","breadcrumb":{"@id":"https:\/\/iuvv-domaine-viticole.u-bourgogne.fr\/Domaine-Viticole\/index.php\/marsannay-blanc-2\/#breadcrumb"},"inLanguage":"fr-FR","potentialAction":[{"@type":"ReadAction","target":["https:\/\/iuvv-domaine-viticole.u-bourgogne.fr\/Domaine-Viticole\/index.php\/marsannay-blanc-2\/"]}]},{"@type":"BreadcrumbList","@id":"https:\/\/iuvv-domaine-viticole.u-bourgogne.fr\/Domaine-Viticole\/index.php\/marsannay-blanc-2\/#breadcrumb","itemListElement":[{"@type":"ListItem","position":1,"name":"Accueil","item":"https:\/\/iuvv-domaine-viticole.u-bourgogne.fr\/Domaine-Viticole\/"},{"@type":"ListItem","position":2,"name":"Marsannay Blanc"}]},{"@type":"WebSite","@id":"https:\/\/iuvv-domaine-viticole.u-bourgogne.fr\/Domaine-Viticole\/#website","url":"https:\/\/iuvv-domaine-viticole.u-bourgogne.fr\/Domaine-Viticole\/","name":"Domaine viticole de l&#039;IUVV","description":"Domaine viticole de l&#039;universit\u00e9 de Bourgogne","publisher":{"@id":"https:\/\/iuvv-domaine-viticole.u-bourgogne.fr\/Domaine-Viticole\/#organization"},"potentialAction":[{"@type":"SearchAction","target":{"@type":"EntryPoint","urlTemplate":"https:\/\/iuvv-domaine-viticole.u-bourgogne.fr\/Domaine-Viticole\/?s={search_term_string}"},"query-input":"required name=search_term_string"}],"inLanguage":"fr-FR"},{"@type":"Organization","@id":"https:\/\/iuvv-domaine-viticole.u-bourgogne.fr\/Domaine-Viticole\/#organization","name":"Domaine viticole de l&#039;IUVV","url":"https:\/\/iuvv-domaine-viticole.u-bourgogne.fr\/Domaine-Viticole\/","logo":{"@type":"ImageObject","inLanguage":"fr-FR","@id":"https:\/\/iuvv-domaine-viticole.u-bourgogne.fr\/Domaine-Viticole\/#\/schema\/logo\/image\/","url":"https:\/\/iuvv-domaine-viticole.u-bourgogne.fr\/Domaine-Viticole\/wp-content\/uploads\/2021\/03\/cropped-logos.png","contentUrl":"https:\/\/iuvv-domaine-viticole.u-bourgogne.fr\/Domaine-Viticole\/wp-content\/uploads\/2021\/03\/cropped-logos.png","width":1919,"height":731,"caption":"Domaine viticole de l&#039;IUVV"},"image":{"@id":"https:\/\/iuvv-domaine-viticole.u-bourgogne.fr\/Domaine-Viticole\/#\/schema\/logo\/image\/"}}]}},"_links":{"self":[{"href":"https:\/\/iuvv-domaine-viticole.u-bourgogne.fr\/Domaine-Viticole\/index.php\/wp-json\/wp\/v2\/pages\/202","targetHints":{"allow":["GET"]}}],"collection":[{"href":"https:\/\/iuvv-domaine-viticole.u-bourgogne.fr\/Domaine-Viticole\/index.php\/wp-json\/wp\/v2\/pages"}],"about":[{"href":"https:\/\/iuvv-domaine-viticole.u-bourgogne.fr\/Domaine-Viticole\/index.php\/wp-json\/wp\/v2\/types\/page"}],"author":[{"embeddable":true,"href":"https:\/\/iuvv-domaine-viticole.u-bourgogne.fr\/Domaine-Viticole\/index.php\/wp-json\/wp\/v2\/users\/1"}],"replies":[{"embeddable":true,"href":"https:\/\/iuvv-domaine-viticole.u-bourgogne.fr\/Domaine-Viticole\/index.php\/wp-json\/wp\/v2\/comments?post=202"}],"version-history":[{"count":9,"href":"https:\/\/iuvv-domaine-viticole.u-bourgogne.fr\/Domaine-Viticole\/index.php\/wp-json\/wp\/v2\/pages\/202\/revisions"}],"predecessor-version":[{"id":847,"href":"https:\/\/iuvv-domaine-viticole.u-bourgogne.fr\/Domaine-Viticole\/index.php\/wp-json\/wp\/v2\/pages\/202\/revisions\/847"}],"wp:attachment":[{"href":"https:\/\/iuvv-domaine-viticole.u-bourgogne.fr\/Domaine-Viticole\/index.php\/wp-json\/wp\/v2\/media?parent=202"}],"curies":[{"name":"wp","href":"https:\/\/api.w.org\/{rel}","templated":true}]}}