{"id":196,"date":"2021-03-12T16:13:43","date_gmt":"2021-03-12T16:13:43","guid":{"rendered":"https:\/\/iuvv-domaine-viticole.u-bourgogne.fr\/Domaine-Viticole\/?page_id=196"},"modified":"2021-09-14T17:15:14","modified_gmt":"2021-09-14T17:15:14","slug":"marsannay-rouge","status":"publish","type":"page","link":"https:\/\/iuvv-domaine-viticole.u-bourgogne.fr\/Domaine-Viticole\/index.php\/marsannay-rouge\/","title":{"rendered":"Marsannay Rouge"},"content":{"rendered":"\n<p class=\"has-text-align-center has-dark-gray-color has-text-color\">D\u00e9couvrez notre vin Marsannay Rouge, un pinot noir id\u00e9al pour accompagner des viandes grill\u00e9es, terrines et fromages.<\/p>\n\n\n\n<figure class=\"wp-block-image alignfull size-large\"><img loading=\"lazy\" decoding=\"async\" width=\"1024\" height=\"193\" src=\"https:\/\/iuvv-domaine-viticole.u-bourgogne.fr\/Domaine-Viticole\/wp-content\/uploads\/2021\/03\/DSC_reduit-1024x193.png\" alt=\"\" class=\"wp-image-218\" srcset=\"https:\/\/iuvv-domaine-viticole.u-bourgogne.fr\/Domaine-Viticole\/wp-content\/uploads\/2021\/03\/DSC_reduit-1024x193.png 1024w, https:\/\/iuvv-domaine-viticole.u-bourgogne.fr\/Domaine-Viticole\/wp-content\/uploads\/2021\/03\/DSC_reduit-300x57.png 300w, https:\/\/iuvv-domaine-viticole.u-bourgogne.fr\/Domaine-Viticole\/wp-content\/uploads\/2021\/03\/DSC_reduit-768x145.png 768w, https:\/\/iuvv-domaine-viticole.u-bourgogne.fr\/Domaine-Viticole\/wp-content\/uploads\/2021\/03\/DSC_reduit-1536x290.png 1536w, https:\/\/iuvv-domaine-viticole.u-bourgogne.fr\/Domaine-Viticole\/wp-content\/uploads\/2021\/03\/DSC_reduit-2048x386.png 2048w, https:\/\/iuvv-domaine-viticole.u-bourgogne.fr\/Domaine-Viticole\/wp-content\/uploads\/2021\/03\/DSC_reduit-1568x296.png 1568w\" sizes=\"auto, (max-width: 1024px) 100vw, 1024px\" \/><\/figure>\n\n\n\n<div class=\"wp-block-group alignfull\"><div class=\"wp-block-group__inner-container is-layout-flow wp-block-group-is-layout-flow\">\n<div class=\"wp-block-columns alignfull are-vertically-aligned-center is-layout-flex wp-container-core-columns-is-layout-9d6595d7 wp-block-columns-is-layout-flex\">\n<div class=\"wp-block-column is-vertically-aligned-center is-layout-flow wp-block-column-is-layout-flow\">\n<div class=\"wp-block-image\"><figure class=\"alignleft size-large is-resized\"><img loading=\"lazy\" decoding=\"async\" src=\"https:\/\/iuvv-domaine-viticole.u-bourgogne.fr\/Domaine-Viticole\/wp-content\/uploads\/2021\/03\/Marsannay-rouge2018-1-575x1024.jpeg\" alt=\"Marsannay Rouge\" class=\"wp-image-78\" width=\"491\" height=\"873\" srcset=\"https:\/\/iuvv-domaine-viticole.u-bourgogne.fr\/Domaine-Viticole\/wp-content\/uploads\/2021\/03\/Marsannay-rouge2018-1-575x1024.jpeg 575w, https:\/\/iuvv-domaine-viticole.u-bourgogne.fr\/Domaine-Viticole\/wp-content\/uploads\/2021\/03\/Marsannay-rouge2018-1-169x300.jpeg 169w, https:\/\/iuvv-domaine-viticole.u-bourgogne.fr\/Domaine-Viticole\/wp-content\/uploads\/2021\/03\/Marsannay-rouge2018-1-768x1367.jpeg 768w, https:\/\/iuvv-domaine-viticole.u-bourgogne.fr\/Domaine-Viticole\/wp-content\/uploads\/2021\/03\/Marsannay-rouge2018-1-863x1536.jpeg 863w, https:\/\/iuvv-domaine-viticole.u-bourgogne.fr\/Domaine-Viticole\/wp-content\/uploads\/2021\/03\/Marsannay-rouge2018-1-1151x2048.jpeg 1151w, https:\/\/iuvv-domaine-viticole.u-bourgogne.fr\/Domaine-Viticole\/wp-content\/uploads\/2021\/03\/Marsannay-rouge2018-1-1568x2790.jpeg 1568w, https:\/\/iuvv-domaine-viticole.u-bourgogne.fr\/Domaine-Viticole\/wp-content\/uploads\/2021\/03\/Marsannay-rouge2018-1-scaled.jpeg 1439w\" sizes=\"auto, (max-width: 491px) 100vw, 491px\" \/><\/figure><\/div>\n<\/div>\n\n\n\n<div class=\"wp-block-column is-vertically-aligned-center is-layout-flow wp-block-column-is-layout-flow\">\n<p><strong>Enc\u00e9pagement<\/strong><br>Pinot noir<br><br><strong>Taille<\/strong><br>Guyot simple<br><br><strong>Vinification \u00e9levage<\/strong><br>vendange m\u00e9canique, fermentation alcoolique&nbsp;en cuve inox, fermentation malolactique et \u00e9levage en cuve et en f\u00fbts,<br><br><br><strong>Garde<\/strong><br>jusqu\u2019\u00e0 8 ans, apog\u00e9e 5 ans<br><\/p>\n<\/div>\n\n\n\n<div class=\"wp-block-column is-vertically-aligned-center is-layout-flow wp-block-column-is-layout-flow\">\n<p><strong>Rendement<\/strong><br>30 hl\/ha<br><br><strong>Accords mets et vins<\/strong><br>Le Marsannay rouge s\u2019accorde bien avec les viandes grill\u00e9es, terrines\u00a0et les fromages. Pour les v\u00e9g\u00e9tariens, il accompagnera \u00e0 merveille\u00a0les po\u00eal\u00e9es\u00a0\u00a0aux champignons.<\/p>\n<\/div>\n<\/div>\n<\/div><\/div>\n\n\n\n<div class=\"wp-block-group alignwide\"><div class=\"wp-block-group__inner-container is-layout-flow wp-block-group-is-layout-flow\">\n<div class=\"wp-block-buttons is-content-justification-center is-layout-flex wp-block-buttons-is-layout-flex\">\n<div class=\"wp-block-button\"><a class=\"wp-block-button__link has-background\" href=\"https:\/\/iuvv.u-bourgogne.fr\/le-domaine-viticole-de-luniversite-de-bourgogne\" style=\"border-radius:50px;background-color:#b4a698\">Vous pouvez commander ici<\/a><\/div>\n<\/div>\n\n\n\n<p class=\"has-text-align-center\">( Provisoirement en bas de page )<\/p>\n<\/div><\/div>\n\n\n\n<p class=\"disppara\">D\u00e9couvrez notre vin, un pinot noir id\u00e9al accompagn\u00e9 de viandes grill\u00e9es, terrine et fromages. Buvez notre vin, un pinot noir id\u00e9al accompagn\u00e9 de viandes grill\u00e9es, terrine et fromages. Buvez notre vin, un pinot noir id\u00e9al accompagn\u00e9 de viandes grill\u00e9es, terrine et fromages. D\u00e9couvrez notre vin, un pinot noir id\u00e9al accompagn\u00e9 de viandes grill\u00e9es, terrine et fromages.<\/p>\n\n\n\n<p class=\"disppara\">D\u00e9couvrez notre vin, un pinot noir id\u00e9al accompagn\u00e9 de viandes grill\u00e9es, terrine et fromages. Buvez notre vin, un pinot noir id\u00e9al accompagn\u00e9 de viandes grill\u00e9es, terrine et fromages. Buvez notre vin, un pinot noir id\u00e9al accompagn\u00e9 de viandes grill\u00e9es, terrine et fromages. D\u00e9couvrez notre vin, un pinot noir id\u00e9al accompagn\u00e9 de viandes grill\u00e9es, terrine et fromages.<\/p>\n\n\n\n<p class=\"disppara\">D\u00e9couvrez notre vin, un pinot noir id\u00e9al accompagn\u00e9 de viandes grill\u00e9es, terrine et fromages. Buvez notre vin, un pinot noir id\u00e9al accompagn\u00e9 de viandes grill\u00e9es, terrine et fromages. Buvez notre vin, un pinot noir id\u00e9al accompagn\u00e9 de viandes grill\u00e9es, terrine et fromages. D\u00e9couvrez notre vin, un pinot noir id\u00e9al accompagn\u00e9 de viandes grill\u00e9es, terrine et fromages.<\/p>\n\n\n\n<p class=\"disppara\">D\u00e9couvrez notre vin, un pinot noir id\u00e9al accompagn\u00e9 de viandes grill\u00e9es, terrine et fromages. Buvez notre vin, un pinot noir id\u00e9al accompagn\u00e9 de viandes grill\u00e9es, terrine et fromages. Buvez notre vin, un pinot noir id\u00e9al accompagn\u00e9 de viandes grill\u00e9es, terrine et fromages, terrine et fromages.<\/p>\n","protected":false},"excerpt":{"rendered":"<p>D\u00e9couvrez notre vin Marsannay Rouge, un pinot noir id\u00e9al pour accompagner des viandes grill\u00e9es, terrines et fromages. Enc\u00e9pagementPinot noir TailleGuyot simple Vinification \u00e9levagevendange m\u00e9canique, fermentation alcoolique&nbsp;en cuve inox, fermentation malolactique et \u00e9levage en cuve et en f\u00fbts, Gardejusqu\u2019\u00e0 8 ans, apog\u00e9e 5 ans Rendement30 hl\/ha Accords mets et vinsLe Marsannay rouge s\u2019accorde bien avec les&hellip; <a class=\"more-link\" href=\"https:\/\/iuvv-domaine-viticole.u-bourgogne.fr\/Domaine-Viticole\/index.php\/marsannay-rouge\/\">Poursuivre la lecture <span class=\"screen-reader-text\">Marsannay Rouge<\/span><\/a><\/p>\n","protected":false},"author":1,"featured_media":0,"parent":0,"menu_order":0,"comment_status":"closed","ping_status":"closed","template":"","meta":{"footnotes":""},"class_list":["post-196","page","type-page","status-publish","hentry","entry"],"yoast_head":"<!-- This site is optimized with the Yoast SEO plugin v21.6 - https:\/\/yoast.com\/wordpress\/plugins\/seo\/ -->\n<title>Marsannay Rouge - Marsannay Rouge - Domaine viticole de l&#039;IUVV<\/title>\n<meta name=\"description\" content=\"Marsannay Rouge. D\u00e9couvrez notre vin Marsannay Rouge, un pinot noir id\u00e9al accompagn\u00e9 de viandes grill\u00e9es, terrine et fromages.\" \/>\n<meta name=\"robots\" content=\"index, follow, max-snippet:-1, max-image-preview:large, max-video-preview:-1\" \/>\n<link rel=\"canonical\" href=\"https:\/\/iuvv-domaine-viticole.u-bourgogne.fr\/Domaine-Viticole\/index.php\/marsannay-rouge\/\" \/>\n<meta property=\"og:locale\" content=\"fr_FR\" \/>\n<meta property=\"og:type\" content=\"article\" \/>\n<meta property=\"og:title\" content=\"Marsannay Rouge - Marsannay Rouge - Domaine viticole de l&#039;IUVV\" \/>\n<meta property=\"og:description\" content=\"Marsannay Rouge. D\u00e9couvrez notre vin Marsannay Rouge, un pinot noir id\u00e9al accompagn\u00e9 de viandes grill\u00e9es, terrine et fromages.\" \/>\n<meta property=\"og:url\" content=\"https:\/\/iuvv-domaine-viticole.u-bourgogne.fr\/Domaine-Viticole\/index.php\/marsannay-rouge\/\" \/>\n<meta property=\"og:site_name\" content=\"Domaine viticole de l&#039;IUVV\" \/>\n<meta property=\"article:modified_time\" content=\"2021-09-14T17:15:14+00:00\" \/>\n<meta property=\"og:image\" content=\"https:\/\/iuvv-domaine-viticole.u-bourgogne.fr\/Domaine-Viticole\/wp-content\/uploads\/2021\/03\/DSC_reduit-1024x193.png\" \/>\n<meta name=\"twitter:card\" content=\"summary_large_image\" \/>\n<meta name=\"twitter:label1\" content=\"Dur\u00e9e de lecture estim\u00e9e\" \/>\n\t<meta name=\"twitter:data1\" content=\"2 minutes\" \/>\n<script type=\"application\/ld+json\" class=\"yoast-schema-graph\">{\"@context\":\"https:\/\/schema.org\",\"@graph\":[{\"@type\":\"WebPage\",\"@id\":\"https:\/\/iuvv-domaine-viticole.u-bourgogne.fr\/Domaine-Viticole\/index.php\/marsannay-rouge\/\",\"url\":\"https:\/\/iuvv-domaine-viticole.u-bourgogne.fr\/Domaine-Viticole\/index.php\/marsannay-rouge\/\",\"name\":\"Marsannay Rouge - Marsannay Rouge - Domaine viticole de l&#039;IUVV\",\"isPartOf\":{\"@id\":\"https:\/\/iuvv-domaine-viticole.u-bourgogne.fr\/Domaine-Viticole\/#website\"},\"datePublished\":\"2021-03-12T16:13:43+00:00\",\"dateModified\":\"2021-09-14T17:15:14+00:00\",\"description\":\"Marsannay Rouge. D\u00e9couvrez notre vin Marsannay Rouge, un pinot noir id\u00e9al accompagn\u00e9 de viandes grill\u00e9es, terrine et fromages.\",\"breadcrumb\":{\"@id\":\"https:\/\/iuvv-domaine-viticole.u-bourgogne.fr\/Domaine-Viticole\/index.php\/marsannay-rouge\/#breadcrumb\"},\"inLanguage\":\"fr-FR\",\"potentialAction\":[{\"@type\":\"ReadAction\",\"target\":[\"https:\/\/iuvv-domaine-viticole.u-bourgogne.fr\/Domaine-Viticole\/index.php\/marsannay-rouge\/\"]}]},{\"@type\":\"BreadcrumbList\",\"@id\":\"https:\/\/iuvv-domaine-viticole.u-bourgogne.fr\/Domaine-Viticole\/index.php\/marsannay-rouge\/#breadcrumb\",\"itemListElement\":[{\"@type\":\"ListItem\",\"position\":1,\"name\":\"Accueil\",\"item\":\"https:\/\/iuvv-domaine-viticole.u-bourgogne.fr\/Domaine-Viticole\/\"},{\"@type\":\"ListItem\",\"position\":2,\"name\":\"Marsannay Rouge\"}]},{\"@type\":\"WebSite\",\"@id\":\"https:\/\/iuvv-domaine-viticole.u-bourgogne.fr\/Domaine-Viticole\/#website\",\"url\":\"https:\/\/iuvv-domaine-viticole.u-bourgogne.fr\/Domaine-Viticole\/\",\"name\":\"Domaine viticole de l&#039;IUVV\",\"description\":\"Domaine viticole de l&#039;universit\u00e9 de Bourgogne\",\"publisher\":{\"@id\":\"https:\/\/iuvv-domaine-viticole.u-bourgogne.fr\/Domaine-Viticole\/#organization\"},\"potentialAction\":[{\"@type\":\"SearchAction\",\"target\":{\"@type\":\"EntryPoint\",\"urlTemplate\":\"https:\/\/iuvv-domaine-viticole.u-bourgogne.fr\/Domaine-Viticole\/?s={search_term_string}\"},\"query-input\":\"required name=search_term_string\"}],\"inLanguage\":\"fr-FR\"},{\"@type\":\"Organization\",\"@id\":\"https:\/\/iuvv-domaine-viticole.u-bourgogne.fr\/Domaine-Viticole\/#organization\",\"name\":\"Domaine viticole de l&#039;IUVV\",\"url\":\"https:\/\/iuvv-domaine-viticole.u-bourgogne.fr\/Domaine-Viticole\/\",\"logo\":{\"@type\":\"ImageObject\",\"inLanguage\":\"fr-FR\",\"@id\":\"https:\/\/iuvv-domaine-viticole.u-bourgogne.fr\/Domaine-Viticole\/#\/schema\/logo\/image\/\",\"url\":\"https:\/\/iuvv-domaine-viticole.u-bourgogne.fr\/Domaine-Viticole\/wp-content\/uploads\/2021\/03\/cropped-logos.png\",\"contentUrl\":\"https:\/\/iuvv-domaine-viticole.u-bourgogne.fr\/Domaine-Viticole\/wp-content\/uploads\/2021\/03\/cropped-logos.png\",\"width\":1919,\"height\":731,\"caption\":\"Domaine viticole de l&#039;IUVV\"},\"image\":{\"@id\":\"https:\/\/iuvv-domaine-viticole.u-bourgogne.fr\/Domaine-Viticole\/#\/schema\/logo\/image\/\"}}]}<\/script>\n<!-- \/ Yoast SEO plugin. -->","yoast_head_json":{"title":"Marsannay Rouge - Marsannay Rouge - Domaine viticole de l&#039;IUVV","description":"Marsannay Rouge. D\u00e9couvrez notre vin Marsannay Rouge, un pinot noir id\u00e9al accompagn\u00e9 de viandes grill\u00e9es, terrine et fromages.","robots":{"index":"index","follow":"follow","max-snippet":"max-snippet:-1","max-image-preview":"max-image-preview:large","max-video-preview":"max-video-preview:-1"},"canonical":"https:\/\/iuvv-domaine-viticole.u-bourgogne.fr\/Domaine-Viticole\/index.php\/marsannay-rouge\/","og_locale":"fr_FR","og_type":"article","og_title":"Marsannay Rouge - Marsannay Rouge - Domaine viticole de l&#039;IUVV","og_description":"Marsannay Rouge. D\u00e9couvrez notre vin Marsannay Rouge, un pinot noir id\u00e9al accompagn\u00e9 de viandes grill\u00e9es, terrine et fromages.","og_url":"https:\/\/iuvv-domaine-viticole.u-bourgogne.fr\/Domaine-Viticole\/index.php\/marsannay-rouge\/","og_site_name":"Domaine viticole de l&#039;IUVV","article_modified_time":"2021-09-14T17:15:14+00:00","og_image":[{"url":"https:\/\/iuvv-domaine-viticole.u-bourgogne.fr\/Domaine-Viticole\/wp-content\/uploads\/2021\/03\/DSC_reduit-1024x193.png"}],"twitter_card":"summary_large_image","twitter_misc":{"Dur\u00e9e de lecture estim\u00e9e":"2 minutes"},"schema":{"@context":"https:\/\/schema.org","@graph":[{"@type":"WebPage","@id":"https:\/\/iuvv-domaine-viticole.u-bourgogne.fr\/Domaine-Viticole\/index.php\/marsannay-rouge\/","url":"https:\/\/iuvv-domaine-viticole.u-bourgogne.fr\/Domaine-Viticole\/index.php\/marsannay-rouge\/","name":"Marsannay Rouge - Marsannay Rouge - Domaine viticole de l&#039;IUVV","isPartOf":{"@id":"https:\/\/iuvv-domaine-viticole.u-bourgogne.fr\/Domaine-Viticole\/#website"},"datePublished":"2021-03-12T16:13:43+00:00","dateModified":"2021-09-14T17:15:14+00:00","description":"Marsannay Rouge. D\u00e9couvrez notre vin Marsannay Rouge, un pinot noir id\u00e9al accompagn\u00e9 de viandes grill\u00e9es, terrine et fromages.","breadcrumb":{"@id":"https:\/\/iuvv-domaine-viticole.u-bourgogne.fr\/Domaine-Viticole\/index.php\/marsannay-rouge\/#breadcrumb"},"inLanguage":"fr-FR","potentialAction":[{"@type":"ReadAction","target":["https:\/\/iuvv-domaine-viticole.u-bourgogne.fr\/Domaine-Viticole\/index.php\/marsannay-rouge\/"]}]},{"@type":"BreadcrumbList","@id":"https:\/\/iuvv-domaine-viticole.u-bourgogne.fr\/Domaine-Viticole\/index.php\/marsannay-rouge\/#breadcrumb","itemListElement":[{"@type":"ListItem","position":1,"name":"Accueil","item":"https:\/\/iuvv-domaine-viticole.u-bourgogne.fr\/Domaine-Viticole\/"},{"@type":"ListItem","position":2,"name":"Marsannay Rouge"}]},{"@type":"WebSite","@id":"https:\/\/iuvv-domaine-viticole.u-bourgogne.fr\/Domaine-Viticole\/#website","url":"https:\/\/iuvv-domaine-viticole.u-bourgogne.fr\/Domaine-Viticole\/","name":"Domaine viticole de l&#039;IUVV","description":"Domaine viticole de l&#039;universit\u00e9 de Bourgogne","publisher":{"@id":"https:\/\/iuvv-domaine-viticole.u-bourgogne.fr\/Domaine-Viticole\/#organization"},"potentialAction":[{"@type":"SearchAction","target":{"@type":"EntryPoint","urlTemplate":"https:\/\/iuvv-domaine-viticole.u-bourgogne.fr\/Domaine-Viticole\/?s={search_term_string}"},"query-input":"required name=search_term_string"}],"inLanguage":"fr-FR"},{"@type":"Organization","@id":"https:\/\/iuvv-domaine-viticole.u-bourgogne.fr\/Domaine-Viticole\/#organization","name":"Domaine viticole de l&#039;IUVV","url":"https:\/\/iuvv-domaine-viticole.u-bourgogne.fr\/Domaine-Viticole\/","logo":{"@type":"ImageObject","inLanguage":"fr-FR","@id":"https:\/\/iuvv-domaine-viticole.u-bourgogne.fr\/Domaine-Viticole\/#\/schema\/logo\/image\/","url":"https:\/\/iuvv-domaine-viticole.u-bourgogne.fr\/Domaine-Viticole\/wp-content\/uploads\/2021\/03\/cropped-logos.png","contentUrl":"https:\/\/iuvv-domaine-viticole.u-bourgogne.fr\/Domaine-Viticole\/wp-content\/uploads\/2021\/03\/cropped-logos.png","width":1919,"height":731,"caption":"Domaine viticole de l&#039;IUVV"},"image":{"@id":"https:\/\/iuvv-domaine-viticole.u-bourgogne.fr\/Domaine-Viticole\/#\/schema\/logo\/image\/"}}]}},"_links":{"self":[{"href":"https:\/\/iuvv-domaine-viticole.u-bourgogne.fr\/Domaine-Viticole\/index.php\/wp-json\/wp\/v2\/pages\/196","targetHints":{"allow":["GET"]}}],"collection":[{"href":"https:\/\/iuvv-domaine-viticole.u-bourgogne.fr\/Domaine-Viticole\/index.php\/wp-json\/wp\/v2\/pages"}],"about":[{"href":"https:\/\/iuvv-domaine-viticole.u-bourgogne.fr\/Domaine-Viticole\/index.php\/wp-json\/wp\/v2\/types\/page"}],"author":[{"embeddable":true,"href":"https:\/\/iuvv-domaine-viticole.u-bourgogne.fr\/Domaine-Viticole\/index.php\/wp-json\/wp\/v2\/users\/1"}],"replies":[{"embeddable":true,"href":"https:\/\/iuvv-domaine-viticole.u-bourgogne.fr\/Domaine-Viticole\/index.php\/wp-json\/wp\/v2\/comments?post=196"}],"version-history":[{"count":10,"href":"https:\/\/iuvv-domaine-viticole.u-bourgogne.fr\/Domaine-Viticole\/index.php\/wp-json\/wp\/v2\/pages\/196\/revisions"}],"predecessor-version":[{"id":869,"href":"https:\/\/iuvv-domaine-viticole.u-bourgogne.fr\/Domaine-Viticole\/index.php\/wp-json\/wp\/v2\/pages\/196\/revisions\/869"}],"wp:attachment":[{"href":"https:\/\/iuvv-domaine-viticole.u-bourgogne.fr\/Domaine-Viticole\/index.php\/wp-json\/wp\/v2\/media?parent=196"}],"curies":[{"name":"wp","href":"https:\/\/api.w.org\/{rel}","templated":true}]}}